{"id":669,"date":"2022-10-31T13:25:00","date_gmt":"2022-10-31T12:25:00","guid":{"rendered":"http:\/\/www.digital-art-residencies.kultur-centrale.de\/?page_id=669"},"modified":"2022-10-31T23:12:40","modified_gmt":"2022-10-31T22:12:40","slug":"about-2","status":"publish","type":"page","link":"http:\/\/www.digital-art-residencies.kultur-centrale.de\/de\/about-2\/","title":{"rendered":"\u00dcber Uns"},"content":{"rendered":"<div class=\"inherit-container-width wp-block-group alignfull is-layout-constrained wp-block-group-is-layout-constrained\">\n<div class=\"wp-block-group alignwide is-content-justification-space-between is-nowrap is-layout-flex wp-container-core-group-is-layout-434d74df wp-block-group-is-layout-flex\"><div class=\"is-default-size wp-block-site-logo\"><a href=\"http:\/\/www.digital-art-residencies.kultur-centrale.de\/de\/\" class=\"custom-logo-link\" rel=\"home\"><img loading=\"lazy\" decoding=\"async\" width=\"1182\" height=\"1182\" src=\"http:\/\/www.digital-art-residencies.kultur-centrale.de\/wp-content\/uploads\/2022\/10\/DAR_CMYC-01-159x159.png\" class=\"custom-logo\" alt=\"\" srcset=\"http:\/\/www.digital-art-residencies.kultur-centrale.de\/wp-content\/uploads\/2022\/10\/DAR_CMYC-01.png 1182w, http:\/\/www.digital-art-residencies.kultur-centrale.de\/wp-content\/uploads\/2022\/10\/DAR_CMYC-01-300x300.png 300w, http:\/\/www.digital-art-residencies.kultur-centrale.de\/wp-content\/uploads\/2022\/10\/DAR_CMYC-01-1024x1024.png 1024w, http:\/\/www.digital-art-residencies.kultur-centrale.de\/wp-content\/uploads\/2022\/10\/DAR_CMYC-01-150x150.png 150w, http:\/\/www.digital-art-residencies.kultur-centrale.de\/wp-content\/uploads\/2022\/10\/DAR_CMYC-01-768x768.png 768w, http:\/\/www.digital-art-residencies.kultur-centrale.de\/wp-content\/uploads\/2022\/10\/DAR_CMYC-01-12x12.png 12w, http:\/\/www.digital-art-residencies.kultur-centrale.de\/wp-content\/uploads\/2022\/10\/DAR_CMYC-01-600x600.png 600w, http:\/\/www.digital-art-residencies.kultur-centrale.de\/wp-content\/uploads\/2022\/10\/DAR_CMYC-01-649x649.png 649w, http:\/\/www.digital-art-residencies.kultur-centrale.de\/wp-content\/uploads\/2022\/10\/DAR_CMYC-01-159x159.png 159w\" sizes=\"auto, (max-width: 1182px) 100vw, 1182px\" \/><\/a><\/div>\n\n<nav class=\"is-responsive items-justified-left wp-block-navigation is-horizontal is-content-justification-left is-layout-flex wp-container-core-navigation-is-layout-990152ab wp-block-navigation-is-layout-flex\" aria-label=\"De nav\" \n\t\t data-wp-interactive=\"core\/navigation\" data-wp-context='{\"overlayOpenedBy\":{\"click\":false,\"hover\":false,\"focus\":false},\"type\":\"overlay\",\"roleAttribute\":\"\",\"ariaLabel\":\"Men\\u00fc\"}'><button aria-haspopup=\"dialog\" aria-label=\"Men\u00fc \u00f6ffnen\" class=\"wp-block-navigation__responsive-container-open\" \n\t\t\t\tdata-wp-on--click=\"actions.openMenuOnClick\"\n\t\t\t\tdata-wp-on--keydown=\"actions.handleMenuKeydown\"\n\t\t\t><svg width=\"24\" height=\"24\" xmlns=\"http:\/\/www.w3.org\/2000\/svg\" viewbox=\"0 0 24 24\" aria-hidden=\"true\" focusable=\"false\"><path d=\"M4 7.5h16v1.5H4z\"><\/path><path d=\"M4 15h16v1.5H4z\"><\/path><\/svg><\/button>\n\t\t\t\t<div class=\"wp-block-navigation__responsive-container\"  id=\"modal-1\" \n\t\t\t\tdata-wp-class--has-modal-open=\"state.isMenuOpen\"\n\t\t\t\tdata-wp-class--is-menu-open=\"state.isMenuOpen\"\n\t\t\t\tdata-wp-watch=\"callbacks.initMenu\"\n\t\t\t\tdata-wp-on--keydown=\"actions.handleMenuKeydown\"\n\t\t\t\tdata-wp-on--focusout=\"actions.handleMenuFocusout\"\n\t\t\t\ttabindex=\"-1\"\n\t\t\t>\n\t\t\t\t\t<div class=\"wp-block-navigation__responsive-close\" tabindex=\"-1\">\n\t\t\t\t\t\t<div class=\"wp-block-navigation__responsive-dialog\" \n\t\t\t\tdata-wp-bind--aria-modal=\"state.ariaModal\"\n\t\t\t\tdata-wp-bind--aria-label=\"state.ariaLabel\"\n\t\t\t\tdata-wp-bind--role=\"state.roleAttribute\"\n\t\t\t>\n\t\t\t\t\t\t\t<button aria-label=\"Men\u00fc schlie\u00dfen\" class=\"wp-block-navigation__responsive-container-close\" \n\t\t\t\tdata-wp-on--click=\"actions.closeMenuOnClick\"\n\t\t\t><svg xmlns=\"http:\/\/www.w3.org\/2000\/svg\" viewbox=\"0 0 24 24\" width=\"24\" height=\"24\" aria-hidden=\"true\" focusable=\"false\"><path d=\"m13.06 12 6.47-6.47-1.06-1.06L12 10.94 5.53 4.47 4.47 5.53 10.94 12l-6.47 6.47 1.06 1.06L12 13.06l6.47 6.47 1.06-1.06L13.06 12Z\"><\/path><\/svg><\/button>\n\t\t\t\t\t\t\t<div class=\"wp-block-navigation__responsive-container-content\" \n\t\t\t\tdata-wp-watch=\"callbacks.focusFirstElement\"\n\t\t\t id=\"modal-1-content\">\n\t\t\t\t\t\t\t\t<ul class=\"wp-block-navigation__container is-responsive items-justified-left wp-block-navigation\"><li class=\"wp-block-navigation-item wp-block-navigation-link\"><a class=\"wp-block-navigation-item__content\"  href=\"http:\/\/www.digital-art-residencies.kultur-centrale.de\/de\/about-2\/\" rel=\"http:\/\/www.digital-art-residencies.kultur-centrale.de\/de\/about-2\/\" title=\"\u00dcber Uns\"><span class=\"wp-block-navigation-item__label\"><strong>\u00dcber Uns<\/strong><\/span><\/a><\/li><li class=\"wp-block-navigation-item wp-block-navigation-link\"><a class=\"wp-block-navigation-item__content\"  href=\"http:\/\/www.digital-art-residencies.kultur-centrale.de\/de\/art-works\/\"><span class=\"wp-block-navigation-item__label\"><strong>Art Works<\/strong><\/span><\/a><\/li><li class=\"wp-block-navigation-item wp-block-navigation-link\"><a class=\"wp-block-navigation-item__content\"  href=\"http:\/\/www.digital-art-residencies.kultur-centrale.de\/de\/artists-3\/\"><span class=\"wp-block-navigation-item__label\"><strong>K\u00fcnstler\/Innen<\/strong><\/span><\/a><\/li><\/ul>\n\t\t\t\t\t\t\t<\/div>\n\t\t\t\t\t\t<\/div>\n\t\t\t\t\t<\/div>\n\t\t\t\t<\/div><\/nav>\n\n<nav class=\"is-responsive wp-block-navigation is-layout-flex wp-container-core-navigation-is-layout-d321a7f2 wp-block-navigation-is-layout-flex\" aria-label=\"Header Lang\" \n\t\t data-wp-interactive=\"core\/navigation\" data-wp-context='{\"overlayOpenedBy\":{\"click\":false,\"hover\":false,\"focus\":false},\"type\":\"overlay\",\"roleAttribute\":\"\",\"ariaLabel\":\"Men\\u00fc\"}'><button aria-haspopup=\"dialog\" aria-label=\"Men\u00fc \u00f6ffnen\" class=\"wp-block-navigation__responsive-container-open\" \n\t\t\t\tdata-wp-on--click=\"actions.openMenuOnClick\"\n\t\t\t\tdata-wp-on--keydown=\"actions.handleMenuKeydown\"\n\t\t\t><svg width=\"24\" height=\"24\" xmlns=\"http:\/\/www.w3.org\/2000\/svg\" viewbox=\"0 0 24 24\" aria-hidden=\"true\" focusable=\"false\"><path d=\"M4 7.5h16v1.5H4z\"><\/path><path d=\"M4 15h16v1.5H4z\"><\/path><\/svg><\/button>\n\t\t\t\t<div class=\"wp-block-navigation__responsive-container\"  id=\"modal-2\" \n\t\t\t\tdata-wp-class--has-modal-open=\"state.isMenuOpen\"\n\t\t\t\tdata-wp-class--is-menu-open=\"state.isMenuOpen\"\n\t\t\t\tdata-wp-watch=\"callbacks.initMenu\"\n\t\t\t\tdata-wp-on--keydown=\"actions.handleMenuKeydown\"\n\t\t\t\tdata-wp-on--focusout=\"actions.handleMenuFocusout\"\n\t\t\t\ttabindex=\"-1\"\n\t\t\t>\n\t\t\t\t\t<div class=\"wp-block-navigation__responsive-close\" tabindex=\"-1\">\n\t\t\t\t\t\t<div class=\"wp-block-navigation__responsive-dialog\" \n\t\t\t\tdata-wp-bind--aria-modal=\"state.ariaModal\"\n\t\t\t\tdata-wp-bind--aria-label=\"state.ariaLabel\"\n\t\t\t\tdata-wp-bind--role=\"state.roleAttribute\"\n\t\t\t>\n\t\t\t\t\t\t\t<button aria-label=\"Men\u00fc schlie\u00dfen\" class=\"wp-block-navigation__responsive-container-close\" \n\t\t\t\tdata-wp-on--click=\"actions.closeMenuOnClick\"\n\t\t\t><svg xmlns=\"http:\/\/www.w3.org\/2000\/svg\" viewbox=\"0 0 24 24\" width=\"24\" height=\"24\" aria-hidden=\"true\" focusable=\"false\"><path d=\"m13.06 12 6.47-6.47-1.06-1.06L12 10.94 5.53 4.47 4.47 5.53 10.94 12l-6.47 6.47 1.06 1.06L12 13.06l6.47 6.47 1.06-1.06L13.06 12Z\"><\/path><\/svg><\/button>\n\t\t\t\t\t\t\t<div class=\"wp-block-navigation__responsive-container-content\" \n\t\t\t\tdata-wp-watch=\"callbacks.focusFirstElement\"\n\t\t\t id=\"modal-2-content\">\n\t\t\t\t\t\t\t\t<ul class=\"wp-block-navigation__container is-responsive wp-block-navigation\"><li class=\"wp-block-navigation-item wp-block-navigation-link\"><a class=\"wp-block-navigation-item__content\"  href=\"http:\/\/www.digital-art-residencies.kultur-centrale.de\/de\/\"><span class=\"wp-block-navigation-item__label\"><strong>EN<\/strong><\/span><\/a><\/li><li class=\"wp-block-navigation-item wp-block-navigation-link\"><a class=\"wp-block-navigation-item__content\"  href=\"http:\/\/www.digital-art-residencies.kultur-centrale.de\/de\/693-2\/\"><span class=\"wp-block-navigation-item__label\"><strong>De<\/strong><\/span><\/a><\/li><\/ul>\n\t\t\t\t\t\t\t<\/div>\n\t\t\t\t\t\t<\/div>\n\t\t\t\t\t<\/div>\n\t\t\t\t<\/div><\/nav><\/div>\n<\/div>\n\n\n\n<p>Der Jugend- &amp; Kulturprojekt e.V. wird es Protagonisten der Kulturszene mit dem Projekt \u201eDIGITAL ART RESIDENCIES\u201c erm\u00f6glichen in drei Projektphasen digitale Technologien auf kreative Weise zu entdecken.<\/p>\n\n\n\n<p>In einer ersten Projektphase unter dem Motto \u201aExploration\u2018 wird digitale Kultur von AkteurInnen der Kulturszene und des Wissenschaftsbereich in zwei Gespr\u00e4chsrunden reflektiert. Dabei wird vor allem besprochen, wie digitale Transformationsprozesse unsere Kultur ver\u00e4ndern und welchen Einfluss diese auf unsere kulturellen Praktiken haben.<\/p>\n\n\n\n<p>Mit \u201aExperimentation\u2018 beginnt anschlie\u00dfend eine zweite Projektphase, bei der vor allem die kreative Aneignung digitaler Technologien im Vordergrund steht. In drei Digitalwerkst\u00e4tten, die in Form von Digital Art Residencies stattfinden, sollen neue k\u00fcnstlerische Kooperationen entwickelt werden. Pro Digital Art Residency werden jeweils zehn K\u00fcnstlerInnen eingeladen, mittels netzwerkf\u00e4higen Grafikprogrammen zusammen und zeitgleich online an Kunstwerken zu arbeiten.<\/p>\n\n\n\n<p>In einer dritten Projektphase unter den Titel \u201eImplication\u201c werden zwei \u00f6ffentliche Ausstellungen im Rahmen der \u201eFull Moon Gallery\u201c in der KulturCentrale stattfinden. Es werden jeweils bis zu zehn Werke der Digital Art Residencies mit Hilfe von Monitoren ausgestellt. Neben der Installation der Werke ist vorgesehen auch deren Entstehungsprozesse in Form von Zeitraffer darzustellen.<\/p>","protected":false},"excerpt":{"rendered":"<p>Der Jugend- &amp; Kulturprojekt e.V. wird es Protagonisten der Kulturszene mit dem Projekt \u201eDIGITAL ART RESIDENCIES\u201c erm\u00f6glichen in drei Projektphasen digitale Technologien auf kreative Weise zu entdecken. In einer ersten Projektphase unter dem Motto \u201aExploration\u2018 wird digitale Kultur von AkteurInnen der Kulturszene und des Wissenschaftsbereich in zwei Gespr\u00e4chsrunden reflektiert. Dabei wird vor allem besprochen, wie &hellip;<\/p>\n<p class=\"read-more\"> <a class=\"\" href=\"http:\/\/www.digital-art-residencies.kultur-centrale.de\/de\/about-2\/\"> <span class=\"screen-reader-text\">\u00dcber Uns<\/span> Weiterlesen &raquo;<\/a><\/p>","protected":false},"author":1,"featured_media":0,"parent":0,"menu_order":0,"comment_status":"closed","ping_status":"closed","template":"template-blank","meta":{"site-sidebar-layout":"default","site-content-layout":"default","ast-global-header-display":"","ast-main-header-display":"","ast-hfb-above-header-display":"","ast-hfb-below-header-display":"","ast-hfb-mobile-header-display":"","site-post-title":"disabled","ast-breadcrumbs-content":"","ast-featured-img":"","footer-sml-layout":"disabled","theme-transparent-header-meta":"","adv-header-id-meta":"","stick-header-meta":"","header-above-stick-meta":"","header-main-stick-meta":"","header-below-stick-meta":"","pgc_sgb_lightbox_settings":"","footnotes":""},"class_list":["post-669","page","type-page","status-publish","hentry"],"_links":{"self":[{"href":"http:\/\/www.digital-art-residencies.kultur-centrale.de\/de\/wp-json\/wp\/v2\/pages\/669","targetHints":{"allow":["GET"]}}],"collection":[{"href":"http:\/\/www.digital-art-residencies.kultur-centrale.de\/de\/wp-json\/wp\/v2\/pages"}],"about":[{"href":"http:\/\/www.digital-art-residencies.kultur-centrale.de\/de\/wp-json\/wp\/v2\/types\/page"}],"author":[{"embeddable":true,"href":"http:\/\/www.digital-art-residencies.kultur-centrale.de\/de\/wp-json\/wp\/v2\/users\/1"}],"replies":[{"embeddable":true,"href":"http:\/\/www.digital-art-residencies.kultur-centrale.de\/de\/wp-json\/wp\/v2\/comments?post=669"}],"version-history":[{"count":5,"href":"http:\/\/www.digital-art-residencies.kultur-centrale.de\/de\/wp-json\/wp\/v2\/pages\/669\/revisions"}],"predecessor-version":[{"id":1400,"href":"http:\/\/www.digital-art-residencies.kultur-centrale.de\/de\/wp-json\/wp\/v2\/pages\/669\/revisions\/1400"}],"wp:attachment":[{"href":"http:\/\/www.digital-art-residencies.kultur-centrale.de\/de\/wp-json\/wp\/v2\/media?parent=669"}],"curies":[{"name":"wp","href":"https:\/\/api.w.org\/{rel}","templated":true}]}}