{"id":686,"date":"2022-10-31T13:37:52","date_gmt":"2022-10-31T12:37:52","guid":{"rendered":"http:\/\/www.digital-art-residencies.kultur-centrale.de\/?page_id=686"},"modified":"2022-10-31T13:37:52","modified_gmt":"2022-10-31T12:37:52","slug":"impressum","status":"publish","type":"page","link":"http:\/\/www.digital-art-residencies.kultur-centrale.de\/de\/impressum\/","title":{"rendered":"IMPRESSUM"},"content":{"rendered":"<p>Postadresse und B\u00fcro:<br>Hechtstr. 17<br>01097 Dresden, DEUTSCHLAND<\/p>\n\n\n\n<p>Telefon: +49 351 810 47 66<br>Fax: +49 351 899 605 44<br>Email: info@jkpev.de<\/p>\n\n\n\n<p>B\u00fcrozeiten:<br>Montag bis Freitag, 10-18 Uhr<\/p>\n\n\n\n<p>Gesch\u00e4ftsf\u00fchrung und verantwortlich f\u00fcr redaktionelle Inhalte:<br>Vorstand: Stefan Kiehne &amp; Myrto-Helena Pertsinidi<\/p>\n\n\n\n<p>Registriert im Vereinsregister Dresden unter VR4437<\/p>\n\n\n\n<p>USt.-Nummer:<br>DE239707601<\/p>","protected":false},"excerpt":{"rendered":"<p>Postadresse und B\u00fcro:Hechtstr. 1701097 Dresden, DEUTSCHLAND Telefon: +49 351 810 47 66Fax: +49 351 899 605 44Email: info@jkpev.de B\u00fcrozeiten:Montag bis Freitag, 10-18 Uhr Gesch\u00e4ftsf\u00fchrung und verantwortlich f\u00fcr redaktionelle Inhalte:Vorstand: Stefan Kiehne &amp; Myrto-Helena Pertsinidi Registriert im Vereinsregister Dresden unter VR4437 USt.-Nummer:DE239707601<\/p>","protected":false},"author":1,"featured_media":0,"parent":0,"menu_order":0,"comment_status":"closed","ping_status":"closed","template":"","meta":{"site-sidebar-layout":"default","site-content-layout":"default","ast-global-header-display":"","ast-main-header-display":"","ast-hfb-above-header-display":"","ast-hfb-below-header-display":"","ast-hfb-mobile-header-display":"","site-post-title":"","ast-breadcrumbs-content":"","ast-featured-img":"","footer-sml-layout":"","theme-transparent-header-meta":"","adv-header-id-meta":"","stick-header-meta":"","header-above-stick-meta":"","header-main-stick-meta":"","header-below-stick-meta":"","pgc_sgb_lightbox_settings":"","footnotes":""},"class_list":["post-686","page","type-page","status-publish","hentry"],"_links":{"self":[{"href":"http:\/\/www.digital-art-residencies.kultur-centrale.de\/de\/wp-json\/wp\/v2\/pages\/686","targetHints":{"allow":["GET"]}}],"collection":[{"href":"http:\/\/www.digital-art-residencies.kultur-centrale.de\/de\/wp-json\/wp\/v2\/pages"}],"about":[{"href":"http:\/\/www.digital-art-residencies.kultur-centrale.de\/de\/wp-json\/wp\/v2\/types\/page"}],"author":[{"embeddable":true,"href":"http:\/\/www.digital-art-residencies.kultur-centrale.de\/de\/wp-json\/wp\/v2\/users\/1"}],"replies":[{"embeddable":true,"href":"http:\/\/www.digital-art-residencies.kultur-centrale.de\/de\/wp-json\/wp\/v2\/comments?post=686"}],"version-history":[{"count":1,"href":"http:\/\/www.digital-art-residencies.kultur-centrale.de\/de\/wp-json\/wp\/v2\/pages\/686\/revisions"}],"predecessor-version":[{"id":687,"href":"http:\/\/www.digital-art-residencies.kultur-centrale.de\/de\/wp-json\/wp\/v2\/pages\/686\/revisions\/687"}],"wp:attachment":[{"href":"http:\/\/www.digital-art-residencies.kultur-centrale.de\/de\/wp-json\/wp\/v2\/media?parent=686"}],"curies":[{"name":"wp","href":"https:\/\/api.w.org\/{rel}","templated":true}]}}